{"id":1888,"date":"2024-08-19T10:49:53","date_gmt":"2024-08-19T14:49:53","guid":{"rendered":"https:\/\/ww2.funproeibandes.org\/?page_id=1888"},"modified":"2025-04-01T12:48:51","modified_gmt":"2025-04-01T16:48:51","slug":"2006-2008","status":"publish","type":"page","link":"https:\/\/www.funproeibandes.org\/?page_id=1888","title":{"rendered":"2006 &#8211; 2008"},"content":{"rendered":"<p>[et_pb_section fb_built=\u00bb1&#8243; admin_label=\u00bbDepartments\u00bb _builder_version=\u00bb4.16&#8243; _module_preset=\u00bbdefault\u00bb background_color=\u00bb#F5F0EB\u00bb background_image=\u00bbhttps:\/\/ww2.funproeibandes.org\/wp-content\/uploads\/2024\/07\/high-school_41.png\u00bb background_size=\u00bbinitial\u00bb background_position=\u00bbtop_left\u00bb background_repeat=\u00bbrepeat-x\u00bb custom_padding=\u00bb100px||||false|false\u00bb global_colors_info=\u00bb{}\u00bb][et_pb_row _builder_version=\u00bb4.16&#8243; _module_preset=\u00bbdefault\u00bb global_colors_info=\u00bb{}\u00bb][et_pb_column type=\u00bb4_4&#8243; _builder_version=\u00bb4.16&#8243; _module_preset=\u00bbdefault\u00bb global_colors_info=\u00bb{}\u00bb][et_pb_text _builder_version=\u00bb4.16&#8243; _module_preset=\u00bbe598b17a-9229-42f6-b238-019d6094332e\u00bb header_font=\u00bbRoboto|500|||||||\u00bb header_text_color=\u00bb#000000&#8243; header_font_size=\u00bb80px\u00bb header_line_height=\u00bb1.15em\u00bb header_font_size_tablet=\u00bb40px\u00bb header_font_size_phone=\u00bb24px\u00bb header_font_size_last_edited=\u00bbon|desktop\u00bb locked=\u00bboff\u00bb global_colors_info=\u00bb{}\u00bb]<\/p>\n<h1>2006 &#8211; 2008<\/h1>\n<p>[\/et_pb_text][et_pb_text _builder_version=\u00bb4.27.0&#8243; _module_preset=\u00bbdefault\u00bb global_colors_info=\u00bb{}\u00bb]<\/p>\n<p style=\"text-align: justify;\"><strong>Investigaci\u00f3n sobre Patrones de Crianza de Ni\u00f1os Ind\u00edgenas en \u00c1reas Perif\u00e9ricas de la Ciudad de Cochabamba<\/strong> (2006-2008), como parte de una red de cinco pa\u00edses (Argentina, Bolivia, Chile, Ecuador y Per\u00fa), en el marco del Proyecto \u201cNi\u00f1ez ind\u00edgena\u201d de la Fundaci\u00f3n Bernard van Leer. La Funproeib Andes contribuy\u00f3 con los estudios \u201cNi\u00f1as y ni\u00f1os en ayni familiar urbano. El caso de tres familias migrantes andinas\u201d y \u201cTransici\u00f3n educativa de ni\u00f1os ind\u00edgenas migrantes\u201d, donde se destac\u00f3 que las lenguas de socializaci\u00f3n primaria son parte de la cultura familiar, por lo que se focaliz\u00f3 en la adquisici\u00f3n de lenguas de infantes con hermanos escolarizados.<\/p>\n<p style=\"text-align: justify;\"><strong>Atlas Socioling\u00fc\u00edstico de Pueblos Ind\u00edgenas en Am\u00e9rica Latina<\/strong> (2007-2008), ejecutado con financiamiento de UNICEF y AECID. De cobertura latinoamericana, el Atlas es una herramienta clave de informaci\u00f3n al servicio para apoyar la identificaci\u00f3n, dise\u00f1o y planificaci\u00f3n de proyectos, programas y acciones dirigidos a los Pueblos Ind\u00edgenas. En su elaboraci\u00f3n participaron 34 especialistas en lengua, culturas y sociedades ind\u00edgenas de toda Am\u00e9rica Latina.<\/p>\n<p style=\"text-align: justify;\"><strong>Educaci\u00f3n y Ciudadan\u00eda Intercultural para los Pueblos Ind\u00edgenas de Am\u00e9rica Latina en Contextos de Pobreza<\/strong> (2006-2008), ejecutado por la Red Internacional de Estudios Interculturales (RIDEI) fundada por la Pontificia Universidad Cat\u00f3lica del Per\u00fa. La Funproeib andes form\u00f3 parte de esta red junto con la Universidad de las Regiones Aut\u00f3nomas de la Costa del Caribe de Nicaragua, el Centro de Investigaci\u00f3n y Estudios de Antropolog\u00eda Social de M\u00e9xico, la Universidad Polit\u00e9cnica Salesiana del Ecuador y la Universidad Federal de Roraima del Brasil. El proyecto cont\u00f3 con apoyo de la Fundaci\u00f3n Ford. Se elaboraron, validaron y publicaron siete m\u00f3dulos para el Programa de Fortalecimiento de Liderazgos Ind\u00edgenas de la Funproeib Andes, y cuadernos de sistematizaci\u00f3n de las experiencias y de reflexi\u00f3n te\u00f3rico-program\u00e1ticos de lo realizado en cada pa\u00eds, que fueron publicados en Lima.<\/p>\n<p style=\"text-align: justify;\"><strong>Programa de Fortalecimiento de Liderazgos Ind\u00edgenas. Gesti\u00f3n Educativa en Contextos de EIB<\/strong> (2006-2008), ejecutado con recursos de la Embajada de los Pa\u00edses Bajos en Bolivia, administrados por FAUTAPO, y aval de los Consejos Educativos de los Pueblos Originarios de Bolivia (CEPO), dirigido a la formaci\u00f3n, a lo largo de un a\u00f1o y a trav\u00e9s de una modalidad semipresencial, de 31 personas, 17 varones y 14 mujeres, pertenecientes a 8 Pueblos Ind\u00edgenas que habitan en el territorio boliviano: Guarayo, Moxe\u00f1o, Guaran\u00ed, Chiquitano, Aimara, Quechua, Leco y Tapiete. A la aprobaci\u00f3n del curso, los participantes recibieron la certificaci\u00f3n de T\u00e9cnico Medio en Gesti\u00f3n Educativa en Contextos de Educaci\u00f3n Intercultural Biling\u00fce. El 2018 se implement\u00f3 con apoyo financiero de Studentenes og Akademikemes Intermasjonale Hjelfond (SAIH).<\/p>\n<p style=\"text-align: justify;\"><strong>Acciones de Seguimiento en Educaci\u00f3n Ciudadana en Contextos Multi\u00e9tnicos de Am\u00e9rica Latina<\/strong> (2006-2008), ejecutado con apoyo de la Fundaci\u00f3n Ford y para generar procesos de di\u00e1logo inter\u00e9tnico, intercultural e interdisciplinar entre I\u00edderes ind\u00edgenas y acad\u00e9micos universitarios de Am\u00e9rica Latina en materia de educaci\u00f3n ciudadana intercultural. Participaron 107 l\u00edderes e intelectuales ind\u00edgenas y acad\u00e9micos no-ind\u00edgenas provenientes de Bolivia, Brasil, Colombia, Chile, Ecuador, Honduras, Guatemala, M\u00e9xico, Nicaragua y el Per\u00fa, logr\u00e1ndose instalar en universidades y organizaciones ind\u00edgenas la reflexi\u00f3n sobre la ciudadan\u00eda intercultural y sobre la responsabilidad que la universidad tiene para con ella, en sociedades multi\u00e9tnicas.<\/p>\n<p>[\/et_pb_text][\/et_pb_column][\/et_pb_row][\/et_pb_section][et_pb_section fb_built=\u00bb1&#8243; admin_label=\u00bbFooter\u00bb _builder_version=\u00bb4.27.4&#8243; _module_preset=\u00bbdefault\u00bb background_color=\u00bb#511a1f\u00bb custom_margin=\u00bb||||false|false\u00bb global_colors_info=\u00bb{}\u00bb theme_builder_area=\u00bbpost_content\u00bb][et_pb_row column_structure=\u00bb1_4,1_4,1_4,1_4&#8243; use_custom_gutter=\u00bbon\u00bb gutter_width=\u00bb1&#8243; make_equal=\u00bbon\u00bb _builder_version=\u00bb4.27.4&#8243; _module_preset=\u00bbdefault\u00bb max_width=\u00bb1440px\u00bb custom_margin=\u00bb-90px||||false|false\u00bb custom_padding=\u00bb0px||||false|false\u00bb global_colors_info=\u00bb{}\u00bb theme_builder_area=\u00bbpost_content\u00bb][et_pb_column type=\u00bb1_4&#8243; _builder_version=\u00bb4.24.2&#8243; _module_preset=\u00bbdefault\u00bb background_color=\u00bb#9a5b2f\u00bb background_image=\u00bbhttps:\/\/ww2.funproeibandes.org\/wp-content\/uploads\/2024\/02\/high-school_17.png\u00bb background_size=\u00bbinitial\u00bb background_position=\u00bbtop_right\u00bb background_repeat=\u00bbrepeat-y\u00bb custom_padding=\u00bb40px|40px|40px|20px|true|false\u00bb custom_padding_tablet=\u00bb40px||40px||true|false\u00bb custom_padding_phone=\u00bb30px|20px|30px|20px|true|true\u00bb custom_padding_last_edited=\u00bboff|desktop\u00bb global_colors_info=\u00bb{}\u00bb theme_builder_area=\u00bbpost_content\u00bb][et_pb_text _builder_version=\u00bb4.24.2&#8243; _module_preset=\u00bb5c989a74-8649-4b9a-a4a2-6d2b8ae2551c\u00bb header_4_font=\u00bbRoboto|700||on|||||\u00bb header_4_text_color=\u00bbrgba(255,255,255,0.5)\u00bb header_4_font_size=\u00bb12px\u00bb header_4_letter_spacing=\u00bb3px\u00bb header_4_line_height=\u00bb1.5em\u00bb custom_margin=\u00bb||0px||false|false\u00bb custom_margin_tablet=\u00bb30px||||false|false\u00bb custom_margin_phone=\u00bb20px||||false|false\u00bb custom_margin_last_edited=\u00bboff|desktop\u00bb locked=\u00bboff\u00bb global_colors_info=\u00bb{}\u00bb theme_builder_area=\u00bbpost_content\u00bb]<\/p>\n<h4>FUNPROEIB Andes<\/h4>\n<p>[\/et_pb_text][et_pb_text _builder_version=\u00bb4.24.2&#8243; _module_preset=\u00bbc2a3d585-c259-4e5a-8faa-710c0e634348&#8243; text_font=\u00bbRoboto|500|||||||\u00bb text_text_color=\u00bb#FFFFFF\u00bb text_font_size=\u00bb16px\u00bb text_line_height=\u00bb1.6em\u00bb header_5_text_color=\u00bb#FFFFFF\u00bb header_5_line_height=\u00bb1.8em\u00bb text_font_size_tablet=\u00bb15px\u00bb text_font_size_phone=\u00bb14px\u00bb text_font_size_last_edited=\u00bbon|desktop\u00bb header_font_size_tablet=\u00bb55px\u00bb header_font_size_last_edited=\u00bboff|desktop\u00bb locked=\u00bboff\u00bb global_colors_info=\u00bb{}\u00bb theme_builder_area=\u00bbpost_content\u00bb]Fundaci\u00f3n para la Educaci\u00f3n en Contextos de Multiling\u00fcismo y Pluriculturalidad.[\/et_pb_text][\/et_pb_column][et_pb_column type=\u00bb1_4&#8243; _builder_version=\u00bb4.24.2&#8243; _module_preset=\u00bbdefault\u00bb background_color=\u00bb#b67b4f\u00bb background_image=\u00bbhttps:\/\/ww2.funproeibandes.org\/wp-content\/uploads\/2024\/02\/high-school_17.png\u00bb background_size=\u00bbinitial\u00bb background_position=\u00bbtop_right\u00bb background_repeat=\u00bbrepeat-y\u00bb custom_padding=\u00bb40px|40px|40px|20px|true|false\u00bb global_colors_info=\u00bb{}\u00bb theme_builder_area=\u00bbpost_content\u00bb][et_pb_text _builder_version=\u00bb4.24.2&#8243; _module_preset=\u00bb5c989a74-8649-4b9a-a4a2-6d2b8ae2551c\u00bb header_4_font=\u00bbRoboto|700||on|||||\u00bb header_4_text_color=\u00bbrgba(255,255,255,0.5)\u00bb header_4_font_size=\u00bb12px\u00bb header_4_letter_spacing=\u00bb3px\u00bb header_4_line_height=\u00bb1.5em\u00bb custom_margin=\u00bb||0px||false|false\u00bb locked=\u00bboff\u00bb global_colors_info=\u00bb{}\u00bb theme_builder_area=\u00bbpost_content\u00bb]<\/p>\n<h4>Direcci\u00f3n<\/h4>\n<p>[\/et_pb_text][et_pb_text _builder_version=\u00bb4.24.2&#8243; _module_preset=\u00bbc2a3d585-c259-4e5a-8faa-710c0e634348&#8243; text_font=\u00bbRoboto|500|||||||\u00bb text_text_color=\u00bb#FFFFFF\u00bb text_font_size=\u00bb13px\u00bb text_line_height=\u00bb1.6em\u00bb header_5_text_color=\u00bb#FFFFFF\u00bb header_5_line_height=\u00bb1.8em\u00bb text_font_size_tablet=\u00bb15px\u00bb text_font_size_phone=\u00bb14px\u00bb text_font_size_last_edited=\u00bbon|desktop\u00bb header_font_size_tablet=\u00bb55px\u00bb header_font_size_last_edited=\u00bboff|desktop\u00bb locked=\u00bboff\u00bb global_colors_info=\u00bb{}\u00bb theme_builder_area=\u00bbpost_content\u00bb]Calle N\u00e9stor Morales N\u00ba 947<br \/>\n(entre Av. Aniceto Arce y Av. Ram\u00f3n Rivero \u2013 Zona Muyurina)<br \/>\nEdificio Jade 2\u00ba piso[\/et_pb_text][\/et_pb_column][et_pb_column type=\u00bb1_4&#8243; _builder_version=\u00bb4.24.2&#8243; _module_preset=\u00bbdefault\u00bb background_color=\u00bb#c89958&#8243; background_image=\u00bbhttps:\/\/ww2.funproeibandes.org\/wp-content\/uploads\/2024\/02\/high-school_17.png\u00bb background_size=\u00bbinitial\u00bb background_position=\u00bbtop_right\u00bb background_repeat=\u00bbrepeat-y\u00bb custom_padding=\u00bb40px|40px|40px|20px|true|false\u00bb global_colors_info=\u00bb{}\u00bb theme_builder_area=\u00bbpost_content\u00bb][et_pb_text _builder_version=\u00bb4.24.2&#8243; _module_preset=\u00bb5c989a74-8649-4b9a-a4a2-6d2b8ae2551c\u00bb header_4_font=\u00bbRoboto|700||on|||||\u00bb header_4_text_color=\u00bbrgba(255,255,255,0.5)\u00bb header_4_font_size=\u00bb12px\u00bb header_4_letter_spacing=\u00bb3px\u00bb header_4_line_height=\u00bb1.5em\u00bb custom_margin=\u00bb||0px||false|false\u00bb locked=\u00bboff\u00bb global_colors_info=\u00bb{}\u00bb theme_builder_area=\u00bbpost_content\u00bb]<\/p>\n<h4>Correo electr\u00f3nico<\/h4>\n<p>[\/et_pb_text][et_pb_text _builder_version=\u00bb4.24.2&#8243; _module_preset=\u00bbc2a3d585-c259-4e5a-8faa-710c0e634348&#8243; text_font=\u00bbRoboto|500|||||||\u00bb text_text_color=\u00bb#FFFFFF\u00bb text_font_size=\u00bb13px\u00bb text_line_height=\u00bb1.6em\u00bb link_text_color=\u00bb#FFFFFF\u00bb header_5_text_color=\u00bb#FFFFFF\u00bb header_5_line_height=\u00bb1.8em\u00bb text_font_size_tablet=\u00bb15px\u00bb text_font_size_phone=\u00bb14px\u00bb text_font_size_last_edited=\u00bbon|desktop\u00bb header_font_size_tablet=\u00bb55px\u00bb header_font_size_last_edited=\u00bboff|desktop\u00bb locked=\u00bboff\u00bb global_colors_info=\u00bb{}\u00bb theme_builder_area=\u00bbpost_content\u00bb]<\/p>\n<p><a href=\"mailto:fundacion@funproeibandes.org\">fundacion@funproeibandes.org<\/a><\/p>\n<p>[\/et_pb_text][\/et_pb_column][et_pb_column type=\u00bb1_4&#8243; _builder_version=\u00bb4.24.2&#8243; _module_preset=\u00bbdefault\u00bb background_color=\u00bb#e2c57d\u00bb background_image=\u00bbhttps:\/\/ww2.funproeibandes.org\/wp-content\/uploads\/2024\/02\/high-school_17.png\u00bb background_size=\u00bbinitial\u00bb background_position=\u00bbtop_right\u00bb background_repeat=\u00bbrepeat-y\u00bb custom_padding=\u00bb40px|40px|40px|20px|true|false\u00bb global_colors_info=\u00bb{}\u00bb theme_builder_area=\u00bbpost_content\u00bb][et_pb_text _builder_version=\u00bb4.24.2&#8243; _module_preset=\u00bb5c989a74-8649-4b9a-a4a2-6d2b8ae2551c\u00bb text_font=\u00bb||||||||\u00bb header_4_font=\u00bbRoboto|700||on|||||\u00bb header_4_text_color=\u00bbrgba(255,255,255,0.5)\u00bb header_4_font_size=\u00bb12px\u00bb header_4_letter_spacing=\u00bb3px\u00bb header_4_line_height=\u00bb1.5em\u00bb custom_margin=\u00bb||0px||false|false\u00bb custom_margin_last_edited=\u00bboff|desktop\u00bb locked=\u00bboff\u00bb global_colors_info=\u00bb{}\u00bb theme_builder_area=\u00bbpost_content\u00bb]<\/p>\n<h4>Tel\u00e9fonos<\/h4>\n<p>[\/et_pb_text][et_pb_text _builder_version=\u00bb4.24.2&#8243; _module_preset=\u00bbc2a3d585-c259-4e5a-8faa-710c0e634348&#8243; text_font=\u00bbRoboto|500|||||||\u00bb text_text_color=\u00bb#FFFFFF\u00bb text_font_size=\u00bb16px\u00bb text_line_height=\u00bb1.6em\u00bb link_text_color=\u00bb#FFFFFF\u00bb header_5_text_color=\u00bb#FFFFFF\u00bb header_5_line_height=\u00bb1.8em\u00bb text_font_size_tablet=\u00bb15px\u00bb text_font_size_phone=\u00bb14px\u00bb text_font_size_last_edited=\u00bbon|desktop\u00bb header_font_size_tablet=\u00bb55px\u00bb header_font_size_last_edited=\u00bboff|desktop\u00bb locked=\u00bboff\u00bb global_colors_info=\u00bb{}\u00bb theme_builder_area=\u00bbpost_content\u00bb]<\/p>\n<p><span>(591-4) 4530037<\/span><\/p>\n<p>[\/et_pb_text][et_pb_text _builder_version=\u00bb4.24.2&#8243; _module_preset=\u00bbc2a3d585-c259-4e5a-8faa-710c0e634348&#8243; text_font=\u00bbRoboto|500|||||||\u00bb text_text_color=\u00bb#FFFFFF\u00bb text_font_size=\u00bb16px\u00bb text_line_height=\u00bb1.6em\u00bb link_text_color=\u00bb#FFFFFF\u00bb header_5_text_color=\u00bb#FFFFFF\u00bb header_5_line_height=\u00bb1.8em\u00bb text_font_size_tablet=\u00bb15px\u00bb text_font_size_phone=\u00bb14px\u00bb text_font_size_last_edited=\u00bbon|desktop\u00bb header_font_size_tablet=\u00bb55px\u00bb header_font_size_last_edited=\u00bboff|desktop\u00bb locked=\u00bboff\u00bb global_colors_info=\u00bb{}\u00bb theme_builder_area=\u00bbpost_content\u00bb]<\/p>\n<p><span>(591) 77940510<\/span><\/p>\n<p>[\/et_pb_text][\/et_pb_column][\/et_pb_row][et_pb_row column_structure=\u00bb1_3,1_3,1_3&#8243; make_equal=\u00bbon\u00bb _builder_version=\u00bb4.27.4&#8243; _module_preset=\u00bbdefault\u00bb width=\u00bb150px\u00bb max_width=\u00bb150px\u00bb module_alignment=\u00bbright\u00bb min_height=\u00bb100px\u00bb height=\u00bb100px\u00bb max_height=\u00bb100px\u00bb custom_margin=\u00bb||||false|false\u00bb custom_padding=\u00bb|30px||0px|false|false\u00bb global_colors_info=\u00bb{}\u00bb theme_builder_area=\u00bbpost_content\u00bb][et_pb_column type=\u00bb1_3&#8243; _builder_version=\u00bb4.27.4&#8243; _module_preset=\u00bbdefault\u00bb global_colors_info=\u00bb{}\u00bb theme_builder_area=\u00bbpost_content\u00bb][et_pb_image src=\u00bbhttp:\/\/www.funproeibandes.org\/wp-content\/uploads\/2025\/03\/Facebook.png\u00bb title_text=\u00bbFacebook\u00bb url=\u00bbhttps:\/\/www.facebook.com\/FunproeibAndes\u00bb _builder_version=\u00bb4.27.4&#8243; _module_preset=\u00bbdefault\u00bb width=\u00bb90%\u00bb global_colors_info=\u00bb{}\u00bb theme_builder_area=\u00bbpost_content\u00bb][\/et_pb_image][\/et_pb_column][et_pb_column type=\u00bb1_3&#8243; _builder_version=\u00bb4.27.4&#8243; _module_preset=\u00bbdefault\u00bb global_colors_info=\u00bb{}\u00bb theme_builder_area=\u00bbpost_content\u00bb][et_pb_image src=\u00bbhttp:\/\/www.funproeibandes.org\/wp-content\/uploads\/2025\/03\/youtube3.png\u00bb title_text=\u00bbyoutube3&#8243; url=\u00bbhttps:\/\/www.youtube.com\/@funproeibandes3412\/featured\u00bb _builder_version=\u00bb4.27.4&#8243; _module_preset=\u00bbdefault\u00bb width=\u00bb100%\u00bb custom_margin=\u00bb5px||||false|false\u00bb global_colors_info=\u00bb{}\u00bb theme_builder_area=\u00bbpost_content\u00bb][\/et_pb_image][\/et_pb_column][et_pb_column type=\u00bb1_3&#8243; _builder_version=\u00bb4.27.4&#8243; _module_preset=\u00bbdefault\u00bb global_colors_info=\u00bb{}\u00bb theme_builder_area=\u00bbpost_content\u00bb][et_pb_image src=\u00bbhttp:\/\/www.funproeibandes.org\/wp-content\/uploads\/2025\/03\/Tik-tok.png\u00bb title_text=\u00bbTik tok\u00bb url=\u00bbhttps:\/\/www.tiktok.com\/@funproeibandesbolivia?is_from_webapp=1&#038;sender_device=pc\u00bb _builder_version=\u00bb4.27.4&#8243; _module_preset=\u00bbdefault\u00bb width=\u00bb90%\u00bb global_colors_info=\u00bb{}\u00bb theme_builder_area=\u00bbpost_content\u00bb][\/et_pb_image][\/et_pb_column][\/et_pb_row][\/et_pb_section]<\/p>\n","protected":false},"excerpt":{"rendered":"<p>2006 &#8211; 2008Investigaci\u00f3n sobre Patrones de Crianza de Ni\u00f1os Ind\u00edgenas en \u00c1reas Perif\u00e9ricas de la Ciudad de Cochabamba (2006-2008), como parte de una red de cinco pa\u00edses (Argentina, Bolivia, Chile, Ecuador y Per\u00fa), en el marco del Proyecto \u201cNi\u00f1ez ind\u00edgena\u201d de la Fundaci\u00f3n Bernard van Leer. La Funproeib Andes contribuy\u00f3 con los estudios \u201cNi\u00f1as y [&hellip;]<\/p>\n","protected":false},"author":1,"featured_media":0,"parent":0,"menu_order":0,"comment_status":"closed","ping_status":"closed","template":"","meta":{"_et_pb_use_builder":"on","_et_pb_old_content":"","_et_gb_content_width":"","footnotes":""},"class_list":["post-1888","page","type-page","status-publish","hentry"],"_links":{"self":[{"href":"https:\/\/www.funproeibandes.org\/index.php?rest_route=\/wp\/v2\/pages\/1888","targetHints":{"allow":["GET"]}}],"collection":[{"href":"https:\/\/www.funproeibandes.org\/index.php?rest_route=\/wp\/v2\/pages"}],"about":[{"href":"https:\/\/www.funproeibandes.org\/index.php?rest_route=\/wp\/v2\/types\/page"}],"author":[{"embeddable":true,"href":"https:\/\/www.funproeibandes.org\/index.php?rest_route=\/wp\/v2\/users\/1"}],"replies":[{"embeddable":true,"href":"https:\/\/www.funproeibandes.org\/index.php?rest_route=%2Fwp%2Fv2%2Fcomments&post=1888"}],"version-history":[{"count":3,"href":"https:\/\/www.funproeibandes.org\/index.php?rest_route=\/wp\/v2\/pages\/1888\/revisions"}],"predecessor-version":[{"id":2628,"href":"https:\/\/www.funproeibandes.org\/index.php?rest_route=\/wp\/v2\/pages\/1888\/revisions\/2628"}],"wp:attachment":[{"href":"https:\/\/www.funproeibandes.org\/index.php?rest_route=%2Fwp%2Fv2%2Fmedia&parent=1888"}],"curies":[{"name":"wp","href":"https:\/\/api.w.org\/{rel}","templated":true}]}}