{"id":1892,"date":"2024-08-19T10:58:52","date_gmt":"2024-08-19T14:58:52","guid":{"rendered":"https:\/\/ww2.funproeibandes.org\/?page_id=1892"},"modified":"2025-04-01T12:49:41","modified_gmt":"2025-04-01T16:49:41","slug":"2009-2012","status":"publish","type":"page","link":"https:\/\/www.funproeibandes.org\/?page_id=1892","title":{"rendered":"2009 &#8211; 2012"},"content":{"rendered":"<p>[et_pb_section fb_built=\u00bb1&#8243; admin_label=\u00bbDepartments\u00bb _builder_version=\u00bb4.16&#8243; _module_preset=\u00bbdefault\u00bb background_color=\u00bb#F5F0EB\u00bb background_image=\u00bbhttps:\/\/ww2.funproeibandes.org\/wp-content\/uploads\/2024\/07\/high-school_41.png\u00bb background_size=\u00bbinitial\u00bb background_position=\u00bbtop_left\u00bb background_repeat=\u00bbrepeat-x\u00bb custom_padding=\u00bb100px||||false|false\u00bb global_colors_info=\u00bb{}\u00bb][et_pb_row _builder_version=\u00bb4.16&#8243; _module_preset=\u00bbdefault\u00bb global_colors_info=\u00bb{}\u00bb][et_pb_column type=\u00bb4_4&#8243; _builder_version=\u00bb4.16&#8243; _module_preset=\u00bbdefault\u00bb global_colors_info=\u00bb{}\u00bb][et_pb_text _builder_version=\u00bb4.27.0&#8243; _module_preset=\u00bbe598b17a-9229-42f6-b238-019d6094332e\u00bb header_font=\u00bbRoboto|500|||||||\u00bb header_text_color=\u00bb#000000&#8243; header_font_size=\u00bb80px\u00bb header_line_height=\u00bb1.15em\u00bb header_font_size_tablet=\u00bb40px\u00bb header_font_size_phone=\u00bb24px\u00bb header_font_size_last_edited=\u00bbon|desktop\u00bb locked=\u00bboff\u00bb global_colors_info=\u00bb{}\u00bb]<\/p>\n<h1>2009 &#8211; 2012<\/h1>\n<p>[\/et_pb_text][et_pb_text _builder_version=\u00bb4.27.0&#8243; _module_preset=\u00bbdefault\u00bb global_colors_info=\u00bb{}\u00bb]<\/p>\n<p style=\"text-align: justify;\"><strong>Programa de Fortalecimiento de Liderazgos Ind\u00edgenas. Gesti\u00f3n Educativa en Contextos de EIB<\/strong> (2009-2012), implementado con apoyo financiero de Studentenes og Akademikemes Intermasjonale Hjelfond (SAIH) y en coordinaci\u00f3n con los Consejos Educativos de Pueblos Originarios (CEPO), para formar j\u00f3venes ind\u00edgenas, varones y mujeres, elegidos por sus comunidades, y miembros de los Pueblos Quechua, Aymara, Chipaya, Guarayo, Guaran\u00ed, Chiquitano, Yuracar\u00e9, Ayoreo y Afroboliviano.<\/p>\n<p style=\"text-align: justify;\"><strong>Diplomado en lectura y producci\u00f3n de textos en quechua y aymara<\/strong> (2009-2012), ejecutado con apoyo financiero de SAIH, en convenio con el Departamento de Postgrado de la Facultad de Humanidades de la Universidad Mayor de San Sim\u00f3n, para desarrollar, en 30 maestros de escuela, docentes de institutos normales, ling\u00fcistas y educadores bolivianos, competencias para la producci\u00f3n de textos de diferentes tipos y extensi\u00f3n en quechua y aymara, seg\u00fan las normas escriturarias establecidas por el Ministerio de Educaci\u00f3n de Bolivia. Cabe mencionar que bajo este proyecto se ejecut\u00f3 el curso de escritura yurakar\u00e9 el 2011 y 2012.<\/p>\n<p style=\"text-align: justify;\"><strong>Educaci\u00f3n superior y pueblos ind\u00edgenas en Bolivia<\/strong> (2009-2012), ejecutado con apoyo de SAIH, para analizar el acceso y permanencia de los estudiantes de \u00e1reas rurales que ingresan a la UMSS, mediante el Programa de Admisi\u00f3n Especial conocido como PAE. El estudio articul\u00f3 a estudiantes, autoridades universitarias y organizaciones sociales.<\/p>\n<p style=\"text-align: justify;\"><strong>Fortalecimiento de la gesti\u00f3n educativa del pueblo yurakar\u00e9 con participaci\u00f3n social efectiva y pertenencia sociocultural y ling\u00fc\u00edstica<\/strong> (2009), ejecutado con apoyo de SAIH para fortalecer el CEPY (Concejo Educativo del Pueblo Yurakar\u00e9), m\u00e1xima autoridad educativa, que representa a 6000 habitantes yurakar\u00e9s y 90 juntas escolares de cuatro departamentos del pa\u00eds.<\/p>\n<p style=\"text-align: justify;\"><strong>Seminario sobre perspectiva intercultural de g\u00e9nero en la educaci\u00f3n superior<\/strong> (19 a 21.10.2009), ejecutado a iniciativa de SAIH, con la participaci\u00f3n de 150 representantes de organizaciones sociales ind\u00edgenas de tierras altas y tierras bajas, investigadores, autoridades, docentes y estudiantes universitarios de Nicaragua y Bolivia, con el fin de promover la reflexi\u00f3n entre las contrapartes de Bolivia y Nicaragua, actores sociales e instituciones afines sobre este tema.<\/p>\n<p style=\"text-align: justify;\"><strong>Curso de Perfeccionamiento en EIB para Profesores Argentinos<\/strong> (2007-2011),en convenio con el Ministerio de Educaci\u00f3n de Argentina, para contribuir a la formaci\u00f3n continua de docentes que trabajan en contextos de diversidad ling\u00fc\u00edstica y cultural, Se a tres grupos de docentes en Cochabamba y con trabajos de campo en el Instituto Normal Superior de los Pueblos Originarios del Oriente Boliviano (INSPOCB), la comunidad Itanambicua y su escuela y al Instituto Normal Superior EIB \u201cIsmael Montes\u201d.<\/p>\n<p style=\"text-align: justify;\"><strong>Evaluaci\u00f3n y sistematizaci\u00f3n del proyecto \u201cEducaci\u00f3n de calidad desde la cultura. Por la calidad educativa y el protagonismo de la juventud y la ni\u00f1ez aymara-urbana de El Alto\u201d<\/strong> (2009-2010); la Funproeib andes evalu\u00f3 los resultados, limitaciones e impactos generados por el Proyecto de la Fundaci\u00f3n Machaca: \u201cEducaci\u00f3n de calidad desde la cultura\u201d ejecutado entre 2007 y 2009.<\/p>\n<p style=\"text-align: justify;\"><strong>Estudio socioling\u00fc\u00edstico yurakar\u00e9 y fortalecimiento de la lengua entre los hablantes j\u00f3venes y mujeres<\/strong> (2010-2011), ejecutado con apoyo de SAIH, y en coordinaci\u00f3n con el CEPY. En un segundo momento se realiz\u00f3 una campa\u00f1a de revitalizaci\u00f3n ling\u00fc\u00edstica y cultural y se capacit\u00f3 en el uso oral y escrito del yurakar\u00e9 en las comunidades yurakar\u00e9s de Cochabamba, Beni y Santa Cruz.<\/p>\n<p style=\"text-align: justify;\"><strong>Plurinacionalidad y construcci\u00f3n ciudadana en la educaci\u00f3n superior<\/strong> (2010- 2012), ejecutado con apoyo de la Fundaci\u00f3n Ford, para analizar el papel que juega la educaci\u00f3n superior, en general, y la universidad, en particular, en los procesos de construcci\u00f3n ciudadana en contextos multi\u00e9tnicos, pluriculturales y multiling\u00fces. Participaron la Universidad del Cauca (Colombia), la Universidad Aut\u00f3noma Ind\u00edgena Intercultural (Colombia), la Universidad Amawtay Wasi (Ecuador), la Universidad Polit\u00e9cnica Salesiana (UPS), la Universidad Mayor de San Sim\u00f3n (Bolivia) y la Universidad Ind\u00edgena Boliviana, sede guaran\u00ed. Adem\u00e1s, por Bolivia participaron representantes de organizaciones ind\u00edgenas y del Ministerio de Educaci\u00f3n.<\/p>\n<p style=\"text-align: justify;\"><strong>Educaci\u00f3n de los urus qut zu\u00f1i<\/strong> (2010), ejecutado con apoyo de FREDDY (Noruega) y de organizaciones e instituciones de la regi\u00f3n. Se hizo un diagn\u00f3stico comunitario integral de la comunidad Irohito Uru, con \u00e9nfasis en las dimensiones cultural y ling\u00fc\u00edstica, para recuperar y revitalizar la lengua y cultura ind\u00edgena entre los pobladores, principalmente ni\u00f1os y j\u00f3venes.<\/p>\n<p style=\"text-align: justify;\"><strong>Construcci\u00f3n e implementaci\u00f3n de curr\u00edculos locales del \u00e1rea de ciencias de la vida, acordes a las cosmovisiones de comunidades quechua y yurakar\u00e9<\/strong> (2011-2012), ejecutado con apoyo de SAIH para sistematizar los saberes y conocimientos de la comunidad quechua de Luqhusqa (Valle Alto de Cochabamba) y la comunidad yurakar\u00e9 de Nueva Galilea (Amazon\u00eda) y dise\u00f1ar propuestas curriculares locales, que fueron implementadas en escuelas locales.<\/p>\n<p style=\"text-align: justify;\"><strong>Sistematizaci\u00f3n de la experiencia de escuelas amigas y su contribuci\u00f3n a las pol\u00edticas p\u00fablicas en Bolivia<\/strong> (2011-2013), ejecutado con apoyo de UNICEF, para dar cuenta del proyecto Escuelas Amigas en Bolivia, en los Departamentos de Beni, Chuquisaca, Cochabamba, Potos\u00ed y La Paz, y de su contribuci\u00f3n a las pol\u00edticas p\u00fablicas, considerando los aprendizajes de los ni\u00f1os y ni\u00f1as.<\/p>\n<p style=\"text-align: justify;\"><strong>Seguimiento de egresados de educaci\u00f3n superior ind\u00edgena: la interculturalizaci\u00f3n de la sociedad y la plurinacionalidad desde el Estado en cuesti\u00f3n<\/strong> (2011-2014), apoyado por la Fundaci\u00f3n Ford, para monitorear programas de educaci\u00f3n superior ind\u00edgena, en torno a aspectos del desarrollo individual del sujeto, su compromiso y actuaci\u00f3n social, en funci\u00f3n al proyecto pol\u00edtico del Pueblo Ind\u00edgena al cual pertenece. Para ello caracteriz\u00f3 las buenas pr\u00e1cticas en la educaci\u00f3n superior ind\u00edgena y las lecciones aprendidas en el marco de la ejecuci\u00f3n del PROEIB Andes. Sobre esa base, se dise\u00f1\u00f3 un sistema de monitoreo de egresados, que consider\u00f3 la constituci\u00f3n de una red de los mismos.<\/p>\n<p style=\"text-align: justify;\"><strong>Fortalecimiento al Bloque Educativo Ind\u00edgena y a las organizaciones matrices bolivianas<\/strong> (2012), ejecutado con apoyo de SAIH y coordinado junto con el Comit\u00e9 Nacional de Coordinaci\u00f3n de los Consejos Educativos de Pueblos Originarios (CNC CEPO), las secretar\u00edas educativas de las organizaciones matrices y el Ministerio de Educaci\u00f3n de Bolivia, para realizar talleres que abordaron las metodolog\u00edas para una educaci\u00f3n intracultural, intercultural y pluriling\u00fce, la educaci\u00f3n productiva; y el pluralismo epistemol\u00f3gico y la educaci\u00f3n superior. Se desarrollaron procesos de reflexi\u00f3n colectiva y elaboraron propuestas para la transformaci\u00f3n de las instituciones de educaci\u00f3n superior en Bolivia.<\/p>\n<p>[\/et_pb_text][\/et_pb_column][\/et_pb_row][\/et_pb_section][et_pb_section fb_built=\u00bb1&#8243; admin_label=\u00bbFooter\u00bb _builder_version=\u00bb4.27.4&#8243; _module_preset=\u00bbdefault\u00bb background_color=\u00bb#511a1f\u00bb custom_margin=\u00bb||||false|false\u00bb global_colors_info=\u00bb{}\u00bb theme_builder_area=\u00bbpost_content\u00bb][et_pb_row column_structure=\u00bb1_4,1_4,1_4,1_4&#8243; use_custom_gutter=\u00bbon\u00bb gutter_width=\u00bb1&#8243; make_equal=\u00bbon\u00bb _builder_version=\u00bb4.27.4&#8243; _module_preset=\u00bbdefault\u00bb max_width=\u00bb1440px\u00bb custom_margin=\u00bb-90px||||false|false\u00bb custom_padding=\u00bb0px||||false|false\u00bb global_colors_info=\u00bb{}\u00bb theme_builder_area=\u00bbpost_content\u00bb][et_pb_column type=\u00bb1_4&#8243; _builder_version=\u00bb4.24.2&#8243; _module_preset=\u00bbdefault\u00bb background_color=\u00bb#9a5b2f\u00bb background_image=\u00bbhttps:\/\/ww2.funproeibandes.org\/wp-content\/uploads\/2024\/02\/high-school_17.png\u00bb background_size=\u00bbinitial\u00bb background_position=\u00bbtop_right\u00bb background_repeat=\u00bbrepeat-y\u00bb custom_padding=\u00bb40px|40px|40px|20px|true|false\u00bb custom_padding_tablet=\u00bb40px||40px||true|false\u00bb custom_padding_phone=\u00bb30px|20px|30px|20px|true|true\u00bb custom_padding_last_edited=\u00bboff|desktop\u00bb global_colors_info=\u00bb{}\u00bb theme_builder_area=\u00bbpost_content\u00bb][et_pb_text _builder_version=\u00bb4.24.2&#8243; _module_preset=\u00bb5c989a74-8649-4b9a-a4a2-6d2b8ae2551c\u00bb header_4_font=\u00bbRoboto|700||on|||||\u00bb header_4_text_color=\u00bbrgba(255,255,255,0.5)\u00bb header_4_font_size=\u00bb12px\u00bb header_4_letter_spacing=\u00bb3px\u00bb header_4_line_height=\u00bb1.5em\u00bb custom_margin=\u00bb||0px||false|false\u00bb custom_margin_tablet=\u00bb30px||||false|false\u00bb custom_margin_phone=\u00bb20px||||false|false\u00bb custom_margin_last_edited=\u00bboff|desktop\u00bb locked=\u00bboff\u00bb global_colors_info=\u00bb{}\u00bb theme_builder_area=\u00bbpost_content\u00bb]<\/p>\n<h4>FUNPROEIB Andes<\/h4>\n<p>[\/et_pb_text][et_pb_text _builder_version=\u00bb4.24.2&#8243; _module_preset=\u00bbc2a3d585-c259-4e5a-8faa-710c0e634348&#8243; text_font=\u00bbRoboto|500|||||||\u00bb text_text_color=\u00bb#FFFFFF\u00bb text_font_size=\u00bb16px\u00bb text_line_height=\u00bb1.6em\u00bb header_5_text_color=\u00bb#FFFFFF\u00bb header_5_line_height=\u00bb1.8em\u00bb text_font_size_tablet=\u00bb15px\u00bb text_font_size_phone=\u00bb14px\u00bb text_font_size_last_edited=\u00bbon|desktop\u00bb header_font_size_tablet=\u00bb55px\u00bb header_font_size_last_edited=\u00bboff|desktop\u00bb locked=\u00bboff\u00bb global_colors_info=\u00bb{}\u00bb theme_builder_area=\u00bbpost_content\u00bb]Fundaci\u00f3n para la Educaci\u00f3n en Contextos de Multiling\u00fcismo y Pluriculturalidad.[\/et_pb_text][\/et_pb_column][et_pb_column type=\u00bb1_4&#8243; _builder_version=\u00bb4.24.2&#8243; _module_preset=\u00bbdefault\u00bb background_color=\u00bb#b67b4f\u00bb background_image=\u00bbhttps:\/\/ww2.funproeibandes.org\/wp-content\/uploads\/2024\/02\/high-school_17.png\u00bb background_size=\u00bbinitial\u00bb background_position=\u00bbtop_right\u00bb background_repeat=\u00bbrepeat-y\u00bb custom_padding=\u00bb40px|40px|40px|20px|true|false\u00bb global_colors_info=\u00bb{}\u00bb theme_builder_area=\u00bbpost_content\u00bb][et_pb_text _builder_version=\u00bb4.24.2&#8243; _module_preset=\u00bb5c989a74-8649-4b9a-a4a2-6d2b8ae2551c\u00bb header_4_font=\u00bbRoboto|700||on|||||\u00bb header_4_text_color=\u00bbrgba(255,255,255,0.5)\u00bb header_4_font_size=\u00bb12px\u00bb header_4_letter_spacing=\u00bb3px\u00bb header_4_line_height=\u00bb1.5em\u00bb custom_margin=\u00bb||0px||false|false\u00bb locked=\u00bboff\u00bb global_colors_info=\u00bb{}\u00bb theme_builder_area=\u00bbpost_content\u00bb]<\/p>\n<h4>Direcci\u00f3n<\/h4>\n<p>[\/et_pb_text][et_pb_text _builder_version=\u00bb4.24.2&#8243; _module_preset=\u00bbc2a3d585-c259-4e5a-8faa-710c0e634348&#8243; text_font=\u00bbRoboto|500|||||||\u00bb text_text_color=\u00bb#FFFFFF\u00bb text_font_size=\u00bb13px\u00bb text_line_height=\u00bb1.6em\u00bb header_5_text_color=\u00bb#FFFFFF\u00bb header_5_line_height=\u00bb1.8em\u00bb text_font_size_tablet=\u00bb15px\u00bb text_font_size_phone=\u00bb14px\u00bb text_font_size_last_edited=\u00bbon|desktop\u00bb header_font_size_tablet=\u00bb55px\u00bb header_font_size_last_edited=\u00bboff|desktop\u00bb locked=\u00bboff\u00bb global_colors_info=\u00bb{}\u00bb theme_builder_area=\u00bbpost_content\u00bb]Calle N\u00e9stor Morales N\u00ba 947<br \/>\n(entre Av. Aniceto Arce y Av. Ram\u00f3n Rivero \u2013 Zona Muyurina)<br \/>\nEdificio Jade 2\u00ba piso[\/et_pb_text][\/et_pb_column][et_pb_column type=\u00bb1_4&#8243; _builder_version=\u00bb4.24.2&#8243; _module_preset=\u00bbdefault\u00bb background_color=\u00bb#c89958&#8243; background_image=\u00bbhttps:\/\/ww2.funproeibandes.org\/wp-content\/uploads\/2024\/02\/high-school_17.png\u00bb background_size=\u00bbinitial\u00bb background_position=\u00bbtop_right\u00bb background_repeat=\u00bbrepeat-y\u00bb custom_padding=\u00bb40px|40px|40px|20px|true|false\u00bb global_colors_info=\u00bb{}\u00bb theme_builder_area=\u00bbpost_content\u00bb][et_pb_text _builder_version=\u00bb4.24.2&#8243; _module_preset=\u00bb5c989a74-8649-4b9a-a4a2-6d2b8ae2551c\u00bb header_4_font=\u00bbRoboto|700||on|||||\u00bb header_4_text_color=\u00bbrgba(255,255,255,0.5)\u00bb header_4_font_size=\u00bb12px\u00bb header_4_letter_spacing=\u00bb3px\u00bb header_4_line_height=\u00bb1.5em\u00bb custom_margin=\u00bb||0px||false|false\u00bb locked=\u00bboff\u00bb global_colors_info=\u00bb{}\u00bb theme_builder_area=\u00bbpost_content\u00bb]<\/p>\n<h4>Correo electr\u00f3nico<\/h4>\n<p>[\/et_pb_text][et_pb_text _builder_version=\u00bb4.24.2&#8243; _module_preset=\u00bbc2a3d585-c259-4e5a-8faa-710c0e634348&#8243; text_font=\u00bbRoboto|500|||||||\u00bb text_text_color=\u00bb#FFFFFF\u00bb text_font_size=\u00bb13px\u00bb text_line_height=\u00bb1.6em\u00bb link_text_color=\u00bb#FFFFFF\u00bb header_5_text_color=\u00bb#FFFFFF\u00bb header_5_line_height=\u00bb1.8em\u00bb text_font_size_tablet=\u00bb15px\u00bb text_font_size_phone=\u00bb14px\u00bb text_font_size_last_edited=\u00bbon|desktop\u00bb header_font_size_tablet=\u00bb55px\u00bb header_font_size_last_edited=\u00bboff|desktop\u00bb locked=\u00bboff\u00bb global_colors_info=\u00bb{}\u00bb theme_builder_area=\u00bbpost_content\u00bb]<\/p>\n<p><a href=\"mailto:fundacion@funproeibandes.org\">fundacion@funproeibandes.org<\/a><\/p>\n<p>[\/et_pb_text][\/et_pb_column][et_pb_column type=\u00bb1_4&#8243; _builder_version=\u00bb4.24.2&#8243; _module_preset=\u00bbdefault\u00bb background_color=\u00bb#e2c57d\u00bb background_image=\u00bbhttps:\/\/ww2.funproeibandes.org\/wp-content\/uploads\/2024\/02\/high-school_17.png\u00bb background_size=\u00bbinitial\u00bb background_position=\u00bbtop_right\u00bb background_repeat=\u00bbrepeat-y\u00bb custom_padding=\u00bb40px|40px|40px|20px|true|false\u00bb global_colors_info=\u00bb{}\u00bb theme_builder_area=\u00bbpost_content\u00bb][et_pb_text _builder_version=\u00bb4.24.2&#8243; _module_preset=\u00bb5c989a74-8649-4b9a-a4a2-6d2b8ae2551c\u00bb text_font=\u00bb||||||||\u00bb header_4_font=\u00bbRoboto|700||on|||||\u00bb header_4_text_color=\u00bbrgba(255,255,255,0.5)\u00bb header_4_font_size=\u00bb12px\u00bb header_4_letter_spacing=\u00bb3px\u00bb header_4_line_height=\u00bb1.5em\u00bb custom_margin=\u00bb||0px||false|false\u00bb custom_margin_last_edited=\u00bboff|desktop\u00bb locked=\u00bboff\u00bb global_colors_info=\u00bb{}\u00bb theme_builder_area=\u00bbpost_content\u00bb]<\/p>\n<h4>Tel\u00e9fonos<\/h4>\n<p>[\/et_pb_text][et_pb_text _builder_version=\u00bb4.24.2&#8243; _module_preset=\u00bbc2a3d585-c259-4e5a-8faa-710c0e634348&#8243; text_font=\u00bbRoboto|500|||||||\u00bb text_text_color=\u00bb#FFFFFF\u00bb text_font_size=\u00bb16px\u00bb text_line_height=\u00bb1.6em\u00bb link_text_color=\u00bb#FFFFFF\u00bb header_5_text_color=\u00bb#FFFFFF\u00bb header_5_line_height=\u00bb1.8em\u00bb text_font_size_tablet=\u00bb15px\u00bb text_font_size_phone=\u00bb14px\u00bb text_font_size_last_edited=\u00bbon|desktop\u00bb header_font_size_tablet=\u00bb55px\u00bb header_font_size_last_edited=\u00bboff|desktop\u00bb locked=\u00bboff\u00bb global_colors_info=\u00bb{}\u00bb theme_builder_area=\u00bbpost_content\u00bb]<\/p>\n<p><span>(591-4) 4530037<\/span><\/p>\n<p>[\/et_pb_text][et_pb_text _builder_version=\u00bb4.24.2&#8243; _module_preset=\u00bbc2a3d585-c259-4e5a-8faa-710c0e634348&#8243; text_font=\u00bbRoboto|500|||||||\u00bb text_text_color=\u00bb#FFFFFF\u00bb text_font_size=\u00bb16px\u00bb text_line_height=\u00bb1.6em\u00bb link_text_color=\u00bb#FFFFFF\u00bb header_5_text_color=\u00bb#FFFFFF\u00bb header_5_line_height=\u00bb1.8em\u00bb text_font_size_tablet=\u00bb15px\u00bb text_font_size_phone=\u00bb14px\u00bb text_font_size_last_edited=\u00bbon|desktop\u00bb header_font_size_tablet=\u00bb55px\u00bb header_font_size_last_edited=\u00bboff|desktop\u00bb locked=\u00bboff\u00bb global_colors_info=\u00bb{}\u00bb theme_builder_area=\u00bbpost_content\u00bb]<\/p>\n<p><span>(591) 77940510<\/span><\/p>\n<p>[\/et_pb_text][\/et_pb_column][\/et_pb_row][et_pb_row column_structure=\u00bb1_3,1_3,1_3&#8243; make_equal=\u00bbon\u00bb _builder_version=\u00bb4.27.4&#8243; _module_preset=\u00bbdefault\u00bb width=\u00bb150px\u00bb max_width=\u00bb150px\u00bb module_alignment=\u00bbright\u00bb min_height=\u00bb100px\u00bb height=\u00bb100px\u00bb max_height=\u00bb100px\u00bb custom_margin=\u00bb||||false|false\u00bb custom_padding=\u00bb|30px||0px|false|false\u00bb global_colors_info=\u00bb{}\u00bb theme_builder_area=\u00bbpost_content\u00bb][et_pb_column type=\u00bb1_3&#8243; _builder_version=\u00bb4.27.4&#8243; _module_preset=\u00bbdefault\u00bb global_colors_info=\u00bb{}\u00bb theme_builder_area=\u00bbpost_content\u00bb][et_pb_image src=\u00bbhttp:\/\/www.funproeibandes.org\/wp-content\/uploads\/2025\/03\/Facebook.png\u00bb title_text=\u00bbFacebook\u00bb url=\u00bbhttps:\/\/www.facebook.com\/FunproeibAndes\u00bb _builder_version=\u00bb4.27.4&#8243; _module_preset=\u00bbdefault\u00bb width=\u00bb90%\u00bb global_colors_info=\u00bb{}\u00bb theme_builder_area=\u00bbpost_content\u00bb][\/et_pb_image][\/et_pb_column][et_pb_column type=\u00bb1_3&#8243; _builder_version=\u00bb4.27.4&#8243; _module_preset=\u00bbdefault\u00bb global_colors_info=\u00bb{}\u00bb theme_builder_area=\u00bbpost_content\u00bb][et_pb_image src=\u00bbhttp:\/\/www.funproeibandes.org\/wp-content\/uploads\/2025\/03\/youtube3.png\u00bb title_text=\u00bbyoutube3&#8243; url=\u00bbhttps:\/\/www.youtube.com\/@funproeibandes3412\/featured\u00bb _builder_version=\u00bb4.27.4&#8243; _module_preset=\u00bbdefault\u00bb width=\u00bb100%\u00bb custom_margin=\u00bb5px||||false|false\u00bb global_colors_info=\u00bb{}\u00bb theme_builder_area=\u00bbpost_content\u00bb][\/et_pb_image][\/et_pb_column][et_pb_column type=\u00bb1_3&#8243; _builder_version=\u00bb4.27.4&#8243; _module_preset=\u00bbdefault\u00bb global_colors_info=\u00bb{}\u00bb theme_builder_area=\u00bbpost_content\u00bb][et_pb_image src=\u00bbhttp:\/\/www.funproeibandes.org\/wp-content\/uploads\/2025\/03\/Tik-tok.png\u00bb title_text=\u00bbTik tok\u00bb url=\u00bbhttps:\/\/www.tiktok.com\/@funproeibandesbolivia?is_from_webapp=1&#038;sender_device=pc\u00bb _builder_version=\u00bb4.27.4&#8243; _module_preset=\u00bbdefault\u00bb width=\u00bb90%\u00bb global_colors_info=\u00bb{}\u00bb theme_builder_area=\u00bbpost_content\u00bb][\/et_pb_image][\/et_pb_column][\/et_pb_row][\/et_pb_section]<\/p>\n","protected":false},"excerpt":{"rendered":"<p>2009 &#8211; 2012Programa de Fortalecimiento de Liderazgos Ind\u00edgenas. Gesti\u00f3n Educativa en Contextos de EIB (2009-2012), implementado con apoyo financiero de Studentenes og Akademikemes Intermasjonale Hjelfond (SAIH) y en coordinaci\u00f3n con los Consejos Educativos de Pueblos Originarios (CEPO), para formar j\u00f3venes ind\u00edgenas, varones y mujeres, elegidos por sus comunidades, y miembros de los Pueblos Quechua, Aymara, [&hellip;]<\/p>\n","protected":false},"author":1,"featured_media":0,"parent":0,"menu_order":0,"comment_status":"closed","ping_status":"closed","template":"","meta":{"_et_pb_use_builder":"on","_et_pb_old_content":"","_et_gb_content_width":"","footnotes":""},"class_list":["post-1892","page","type-page","status-publish","hentry"],"_links":{"self":[{"href":"https:\/\/www.funproeibandes.org\/index.php?rest_route=\/wp\/v2\/pages\/1892","targetHints":{"allow":["GET"]}}],"collection":[{"href":"https:\/\/www.funproeibandes.org\/index.php?rest_route=\/wp\/v2\/pages"}],"about":[{"href":"https:\/\/www.funproeibandes.org\/index.php?rest_route=\/wp\/v2\/types\/page"}],"author":[{"embeddable":true,"href":"https:\/\/www.funproeibandes.org\/index.php?rest_route=\/wp\/v2\/users\/1"}],"replies":[{"embeddable":true,"href":"https:\/\/www.funproeibandes.org\/index.php?rest_route=%2Fwp%2Fv2%2Fcomments&post=1892"}],"version-history":[{"count":3,"href":"https:\/\/www.funproeibandes.org\/index.php?rest_route=\/wp\/v2\/pages\/1892\/revisions"}],"predecessor-version":[{"id":2629,"href":"https:\/\/www.funproeibandes.org\/index.php?rest_route=\/wp\/v2\/pages\/1892\/revisions\/2629"}],"wp:attachment":[{"href":"https:\/\/www.funproeibandes.org\/index.php?rest_route=%2Fwp%2Fv2%2Fmedia&parent=1892"}],"curies":[{"name":"wp","href":"https:\/\/api.w.org\/{rel}","templated":true}]}}